{"id":29,"date":"2022-04-14T13:08:14","date_gmt":"2022-04-14T13:08:14","guid":{"rendered":"https:\/\/tribunus.pt\/?page_id=29"},"modified":"2022-04-14T13:13:08","modified_gmt":"2022-04-14T13:13:08","slug":"sobre","status":"publish","type":"page","link":"https:\/\/tribunus.pt\/index.php\/sobre\/","title":{"rendered":"Sobre"},"content":{"rendered":"\n<p>Tribunus familly wines surge de um sonho de irm\u00e3os. O sonho rapidamente se transformou em objetivo e projeto. Projeto de construir algo maior, com o melhor que as terras bairradinas oferecem. Hoje, o Tribunus familly wines \u00e9 mais do que um sonho, objetivo ou projeto, \u00e9 uma realidade. Realidade que ir\u00e1 eternizar uma fam\u00edlia.<\/p>\n\n\n\n<p>A fam\u00edlia Tribuna \u00e9 detentora de uma quantidade consider\u00e1vel de vinhas na regi\u00e3o da Bairrada, constitu\u00eddas por v\u00e1rias castas como, Maria Gomes(Fern\u00e3o Pires), Bical, Arinto, Baga e Merlot. Nos prim\u00f3rdios, todas as uvas eram utilizadas para a produ\u00e7\u00e3o de vinho de forma caseira e artesanal. J\u00e1 nos \u00faltimos anos, grande parte da produ\u00e7\u00e3o tem vindo a ser entregue a terceiros para vinifica\u00e7\u00e3o.<\/p>\n\n\n\n<p>Os irm\u00e3os Tribuna, na tentativa de acrescentar valor ao patrim\u00f3nio v\u00ednico da bairrada, avan\u00e7am com este projeto que, apesar&nbsp; humilde e de reduzida dimens\u00e3o, pauta-se pela produ\u00e7\u00e3o de um dos produtos mais emblem\u00e1ticos da regi\u00e3o, que \u00e9 o Espumante Bruto. Esperam num futuro pr\u00f3ximo conseguir desenvolver uma gama de produtos mais diversificada e de qualidade, aumentando a robustez do projeto.<\/p>\n","protected":false},"excerpt":{"rendered":"<p>Tribunus familly wines surge de um sonho de irm\u00e3os. O sonho rapidamente se transformou em objetivo e projeto. Projeto de construir algo maior, com o melhor que as terras bairradinas oferecem. Hoje, o Tribunus familly wines \u00e9 mais do que um sonho, objetivo ou projeto, \u00e9 uma realidade. Realidade que ir\u00e1 eternizar uma fam\u00edlia. A &hellip; <\/p>\n<p class=\"link-more\"><a href=\"https:\/\/tribunus.pt\/index.php\/sobre\/\" class=\"more-link\">Continue reading<span class=\"screen-reader-text\"> &#8220;Sobre&#8221;<\/span><\/a><\/p>\n","protected":false},"author":1,"featured_media":51,"parent":0,"menu_order":0,"comment_status":"closed","ping_status":"closed","template":"","meta":{"footnotes":""},"class_list":["post-29","page","type-page","status-publish","has-post-thumbnail","hentry"],"yoast_head":"<!-- This site is optimized with the Yoast SEO plugin v27.3 - https:\/\/yoast.com\/product\/yoast-seo-wordpress\/ -->\n<title>Sobre - Tribunus Family wines<\/title>\n<meta name=\"robots\" content=\"index, follow, max-snippet:-1, max-image-preview:large, max-video-preview:-1\" \/>\n<link rel=\"canonical\" href=\"https:\/\/tribunus.pt\/index.php\/sobre\/\" \/>\n<meta property=\"og:locale\" content=\"en_US\" \/>\n<meta property=\"og:type\" content=\"article\" \/>\n<meta property=\"og:title\" content=\"Sobre - Tribunus Family wines\" \/>\n<meta property=\"og:description\" content=\"Tribunus familly wines surge de um sonho de irm\u00e3os. O sonho rapidamente se transformou em objetivo e projeto. Projeto de construir algo maior, com o melhor que as terras bairradinas oferecem. Hoje, o Tribunus familly wines \u00e9 mais do que um sonho, objetivo ou projeto, \u00e9 uma realidade. Realidade que ir\u00e1 eternizar uma fam\u00edlia. A &hellip; Continue reading &quot;Sobre&quot;\" \/>\n<meta property=\"og:url\" content=\"https:\/\/tribunus.pt\/index.php\/sobre\/\" \/>\n<meta property=\"og:site_name\" content=\"Tribunus Family wines\" \/>\n<meta property=\"article:publisher\" content=\"https:\/\/www.facebook.com\/Tribunusfamilywines\/\" \/>\n<meta property=\"article:modified_time\" content=\"2022-04-14T13:13:08+00:00\" \/>\n<meta property=\"og:image\" content=\"https:\/\/tribunus.pt\/wp-content\/uploads\/2022\/04\/Avo-Tribuna-Grey_site.jpg\" \/>\n\t<meta property=\"og:image:width\" content=\"2000\" \/>\n\t<meta property=\"og:image:height\" content=\"1200\" \/>\n\t<meta property=\"og:image:type\" content=\"image\/jpeg\" \/>\n<meta name=\"twitter:card\" content=\"summary_large_image\" \/>\n<meta name=\"twitter:label1\" content=\"Est. reading time\" \/>\n\t<meta name=\"twitter:data1\" content=\"1 minute\" \/>\n<script type=\"application\/ld+json\" class=\"yoast-schema-graph\">{\"@context\":\"https:\\\/\\\/schema.org\",\"@graph\":[{\"@type\":\"WebPage\",\"@id\":\"https:\\\/\\\/tribunus.pt\\\/index.php\\\/sobre\\\/\",\"url\":\"https:\\\/\\\/tribunus.pt\\\/index.php\\\/sobre\\\/\",\"name\":\"Sobre - Tribunus Family wines\",\"isPartOf\":{\"@id\":\"https:\\\/\\\/tribunus.pt\\\/#website\"},\"primaryImageOfPage\":{\"@id\":\"https:\\\/\\\/tribunus.pt\\\/index.php\\\/sobre\\\/#primaryimage\"},\"image\":{\"@id\":\"https:\\\/\\\/tribunus.pt\\\/index.php\\\/sobre\\\/#primaryimage\"},\"thumbnailUrl\":\"https:\\\/\\\/tribunus.pt\\\/wp-content\\\/uploads\\\/2022\\\/04\\\/Avo-Tribuna-Grey_site.jpg\",\"datePublished\":\"2022-04-14T13:08:14+00:00\",\"dateModified\":\"2022-04-14T13:13:08+00:00\",\"breadcrumb\":{\"@id\":\"https:\\\/\\\/tribunus.pt\\\/index.php\\\/sobre\\\/#breadcrumb\"},\"inLanguage\":\"en-US\",\"potentialAction\":[{\"@type\":\"ReadAction\",\"target\":[\"https:\\\/\\\/tribunus.pt\\\/index.php\\\/sobre\\\/\"]}]},{\"@type\":\"ImageObject\",\"inLanguage\":\"en-US\",\"@id\":\"https:\\\/\\\/tribunus.pt\\\/index.php\\\/sobre\\\/#primaryimage\",\"url\":\"https:\\\/\\\/tribunus.pt\\\/wp-content\\\/uploads\\\/2022\\\/04\\\/Avo-Tribuna-Grey_site.jpg\",\"contentUrl\":\"https:\\\/\\\/tribunus.pt\\\/wp-content\\\/uploads\\\/2022\\\/04\\\/Avo-Tribuna-Grey_site.jpg\",\"width\":2000,\"height\":1200},{\"@type\":\"BreadcrumbList\",\"@id\":\"https:\\\/\\\/tribunus.pt\\\/index.php\\\/sobre\\\/#breadcrumb\",\"itemListElement\":[{\"@type\":\"ListItem\",\"position\":1,\"name\":\"In\u00edcio\",\"item\":\"https:\\\/\\\/tribunus.pt\\\/\"},{\"@type\":\"ListItem\",\"position\":2,\"name\":\"Sobre\"}]},{\"@type\":\"WebSite\",\"@id\":\"https:\\\/\\\/tribunus.pt\\\/#website\",\"url\":\"https:\\\/\\\/tribunus.pt\\\/\",\"name\":\"Tribunus Family wines\",\"description\":\"\",\"potentialAction\":[{\"@type\":\"SearchAction\",\"target\":{\"@type\":\"EntryPoint\",\"urlTemplate\":\"https:\\\/\\\/tribunus.pt\\\/?s={search_term_string}\"},\"query-input\":{\"@type\":\"PropertyValueSpecification\",\"valueRequired\":true,\"valueName\":\"search_term_string\"}}],\"inLanguage\":\"en-US\"}]}<\/script>\n<!-- \/ Yoast SEO plugin. -->","yoast_head_json":{"title":"Sobre - Tribunus Family wines","robots":{"index":"index","follow":"follow","max-snippet":"max-snippet:-1","max-image-preview":"max-image-preview:large","max-video-preview":"max-video-preview:-1"},"canonical":"https:\/\/tribunus.pt\/index.php\/sobre\/","og_locale":"en_US","og_type":"article","og_title":"Sobre - Tribunus Family wines","og_description":"Tribunus familly wines surge de um sonho de irm\u00e3os. O sonho rapidamente se transformou em objetivo e projeto. Projeto de construir algo maior, com o melhor que as terras bairradinas oferecem. Hoje, o Tribunus familly wines \u00e9 mais do que um sonho, objetivo ou projeto, \u00e9 uma realidade. Realidade que ir\u00e1 eternizar uma fam\u00edlia. A &hellip; Continue reading \"Sobre\"","og_url":"https:\/\/tribunus.pt\/index.php\/sobre\/","og_site_name":"Tribunus Family wines","article_publisher":"https:\/\/www.facebook.com\/Tribunusfamilywines\/","article_modified_time":"2022-04-14T13:13:08+00:00","og_image":[{"width":2000,"height":1200,"url":"https:\/\/tribunus.pt\/wp-content\/uploads\/2022\/04\/Avo-Tribuna-Grey_site.jpg","type":"image\/jpeg"}],"twitter_card":"summary_large_image","twitter_misc":{"Est. reading time":"1 minute"},"schema":{"@context":"https:\/\/schema.org","@graph":[{"@type":"WebPage","@id":"https:\/\/tribunus.pt\/index.php\/sobre\/","url":"https:\/\/tribunus.pt\/index.php\/sobre\/","name":"Sobre - Tribunus Family wines","isPartOf":{"@id":"https:\/\/tribunus.pt\/#website"},"primaryImageOfPage":{"@id":"https:\/\/tribunus.pt\/index.php\/sobre\/#primaryimage"},"image":{"@id":"https:\/\/tribunus.pt\/index.php\/sobre\/#primaryimage"},"thumbnailUrl":"https:\/\/tribunus.pt\/wp-content\/uploads\/2022\/04\/Avo-Tribuna-Grey_site.jpg","datePublished":"2022-04-14T13:08:14+00:00","dateModified":"2022-04-14T13:13:08+00:00","breadcrumb":{"@id":"https:\/\/tribunus.pt\/index.php\/sobre\/#breadcrumb"},"inLanguage":"en-US","potentialAction":[{"@type":"ReadAction","target":["https:\/\/tribunus.pt\/index.php\/sobre\/"]}]},{"@type":"ImageObject","inLanguage":"en-US","@id":"https:\/\/tribunus.pt\/index.php\/sobre\/#primaryimage","url":"https:\/\/tribunus.pt\/wp-content\/uploads\/2022\/04\/Avo-Tribuna-Grey_site.jpg","contentUrl":"https:\/\/tribunus.pt\/wp-content\/uploads\/2022\/04\/Avo-Tribuna-Grey_site.jpg","width":2000,"height":1200},{"@type":"BreadcrumbList","@id":"https:\/\/tribunus.pt\/index.php\/sobre\/#breadcrumb","itemListElement":[{"@type":"ListItem","position":1,"name":"In\u00edcio","item":"https:\/\/tribunus.pt\/"},{"@type":"ListItem","position":2,"name":"Sobre"}]},{"@type":"WebSite","@id":"https:\/\/tribunus.pt\/#website","url":"https:\/\/tribunus.pt\/","name":"Tribunus Family wines","description":"","potentialAction":[{"@type":"SearchAction","target":{"@type":"EntryPoint","urlTemplate":"https:\/\/tribunus.pt\/?s={search_term_string}"},"query-input":{"@type":"PropertyValueSpecification","valueRequired":true,"valueName":"search_term_string"}}],"inLanguage":"en-US"}]}},"_links":{"self":[{"href":"https:\/\/tribunus.pt\/index.php\/wp-json\/wp\/v2\/pages\/29","targetHints":{"allow":["GET"]}}],"collection":[{"href":"https:\/\/tribunus.pt\/index.php\/wp-json\/wp\/v2\/pages"}],"about":[{"href":"https:\/\/tribunus.pt\/index.php\/wp-json\/wp\/v2\/types\/page"}],"author":[{"embeddable":true,"href":"https:\/\/tribunus.pt\/index.php\/wp-json\/wp\/v2\/users\/1"}],"replies":[{"embeddable":true,"href":"https:\/\/tribunus.pt\/index.php\/wp-json\/wp\/v2\/comments?post=29"}],"version-history":[{"count":2,"href":"https:\/\/tribunus.pt\/index.php\/wp-json\/wp\/v2\/pages\/29\/revisions"}],"predecessor-version":[{"id":57,"href":"https:\/\/tribunus.pt\/index.php\/wp-json\/wp\/v2\/pages\/29\/revisions\/57"}],"wp:featuredmedia":[{"embeddable":true,"href":"https:\/\/tribunus.pt\/index.php\/wp-json\/wp\/v2\/media\/51"}],"wp:attachment":[{"href":"https:\/\/tribunus.pt\/index.php\/wp-json\/wp\/v2\/media?parent=29"}],"curies":[{"name":"wp","href":"https:\/\/api.w.org\/{rel}","templated":true}]}}